{"id":5599,"date":"2024-09-04T18:43:29","date_gmt":"2024-09-04T16:43:29","guid":{"rendered":"https:\/\/elementrica.com\/unternehmen\/"},"modified":"2025-11-21T15:25:35","modified_gmt":"2025-11-21T14:25:35","slug":"unternehmen","status":"publish","type":"page","link":"https:\/\/elementrica.com\/de\/unternehmen\/","title":{"rendered":"Unternehmen"},"content":{"rendered":"\n<p class=\"has-medium-font-size\">Wir sind ein Team von Spezialisten f\u00fcr Penetrationstests und Angriffssimulationen, das sich auf reale Bedrohungen konzentriert und nicht nur auf die Erf\u00fcllung grundlegender Sicherheitsanforderungen. Wir helfen Unternehmen, Schwachstellen in ihren Systemen zu erkennen &#8211; von Web-, Mobil- und Desktop-Anwendungen \u00fcber APIs bis hin zu komplexen Netzwerk-, industriellen IoT- und Cloud-Umgebungen. Unsere St\u00e4rke liegt in der offensiven Erfahrung &#8211; wir verstehen, wie die Angreifer denken, weil wir so arbeiten wie sie. So k\u00f6nnen wir Angriffsszenarien entwickeln, die die Widerstandsf\u00e4higkeit wirklich testen, anstatt sich auf vorhersehbare Vorlagen zu verlassen. Wir passen uns den Gegebenheiten jedes Kunden an und arbeiten flexibel in allen Branchen &#8211; von Startups bis hin zu regulierten Unternehmen.<\/p>\n\n\n\n<p class=\"has-medium-font-size\">Was uns von anderen abhebt, ist unsere technische Tiefe, unsere Flexibilit\u00e4t und unsere kollaborative Denkweise. Wenn Sie wissen m\u00f6chten, wie Ihr Unternehmen einem echten Angriff standhalten w\u00fcrde &#8211; <a href=\"https:\/\/elementrica.com\/de\/kontakt\/\">wir sind bereit<\/a>.<\/p>\n\n\n<section class=\"cp-block cp-boxes\">\n    <div class=\"cp-container\">\n        <div class=\"cp-row\">\n            <div class=\"cp-row__col\">\n                                    <h5>WAS BEDEUTET ELEMENTRICA?<\/h5>\n                \n                                    <h2>Die im Namen verschl\u00fcsselte Macht<\/h2>\n                            <\/div>\n        <\/div>\n        <div class=\"cp-boxes__slider\">\n            <div class=\"cp-row\">\n                <div class=\"cp-row__col\">\n                                            <div class=\"cp-boxes__items cp-boxes__items--in-row-3\">\n                                                            <div class=\"cp-boxes__item\">\n                                    \n                                                                            <h3>Element<\/h3>\n                                    \n                                                                            <div>\n                                            <p>Symbolisiert den grundlegenden Baustein der Sicherheit. So wie jedes System aus verschiedenen Elementen besteht, bauen wir die Sicherheit Schritt f\u00fcr Schritt auf &#8211; von den einfachsten Grundlagen bis hin zu den fortschrittlichsten L\u00f6sungen.<\/p>\n                                        <\/div>\n                                                                    <\/div>\n                                                            <div class=\"cp-boxes__item\">\n                                    \n                                                                            <h3>Entry<\/h3>\n                                    \n                                                                            <div>\n                                            <p>Stellt den Einstiegspunkt dar. In der Welt der Cybersicherheit sind es gerade die Eintrittspunkte (in Systeme, Anwendungen, Netzwerke), die am h\u00e4ufigsten getestet und gesichert werden. F\u00fcr uns ist es auch eine Metapher f\u00fcr den ersten Schritt zur Zusammenarbeit und f\u00fcr die \u00d6ffnung einer Organisation f\u00fcr einen bewussten Umgang mit dem Datenschutz.<\/p>\n                                        <\/div>\n                                                                    <\/div>\n                                                            <div class=\"cp-boxes__item\">\n                                    \n                                                                            <h3>Ethic<\/h3>\n                                    \n                                                                            <div>\n                                            <p>Hebt unseren ethischen Ansatz hervor. Wir arbeiten nach den h\u00f6chsten berufsethischen Standards und f\u00fchren Tests auf professionelle, sichere und transparente Weise durch.<\/p>\n                                        <\/div>\n                                                                    <\/div>\n                                                    <\/div>\n                                    <\/div>\n            <\/div>\n        <\/div>\n\n    <\/div>\n<\/section>\n\n\n\n\n\n\n\n<section class=\"cp-block cp-boxes\">\n    <div class=\"cp-container\">\n        <div class=\"cp-row\">\n            <div class=\"cp-row__col\">\n                                    <h5>Unsere Grundwerte<\/h5>\n                \n                                    <h2>Unsere grundlagen, die unsere leidenschaft f\u00fcr cybersicherheit antreiben<\/h2>\n                            <\/div>\n        <\/div>\n        <div class=\"cp-boxes__slider\">\n            <div class=\"cp-row\">\n                <div class=\"cp-row__col\">\n                                            <div class=\"cp-boxes__items cp-boxes__items--in-row-4\">\n                                                            <div class=\"cp-boxes__item\">\n                                                                            <span class=\"cp-label\">01<\/span>\n                                    \n                                                                            <h3>Professionalit\u00e4t und Ethik<\/h3>\n                                    \n                                                                            <div>\n                                            <p>Bei Elementrica setzen wir in jedem Bereich unseres Unternehmens h\u00f6chste Ma\u00dfst\u00e4be in Professionalit\u00e4t und Ethik. Unser Team folgt den Grunds\u00e4tzen von Integrit\u00e4t, Verantwortlichkeit und Transparenz. Der Schutz der Vertraulichkeit und Integrit\u00e4t der Daten unserer Kunden steht f\u00fcr uns an erster Stelle. Wir orientieren uns an internationalen Standards und ethischen Kodizes, was durch die vielf\u00e4ltigen Zertifizierungen unserer Experten unterstrichen wird.   <\/p>\n                                        <\/div>\n                                                                    <\/div>\n                                                            <div class=\"cp-boxes__item\">\n                                                                            <span class=\"cp-label\">02<\/span>\n                                    \n                                                                            <h3>Kontinuierliche Entwicklung und Innovation<\/h3>\n                                    \n                                                                            <div>\n                                            <p>Wir setzen auf stetige Weiterentwicklung und Optimierung. Durch Investitionen in die Schulung und Kompetenzentwicklung unseres Teams f\u00f6rdern wir kontinuierlich neue Zertifizierungen und Qualifikationen. Indem wir uns immer \u00fcber die aktuellsten Trends und Technologien in der Cybersicherheit informieren, sind wir in der Lage, innovative L\u00f6sungen wie unsere propriet\u00e4re E-Zero-Plattform und den Pulse-Service bereitzustellen.  <\/p>\n                                        <\/div>\n                                                                    <\/div>\n                                                            <div class=\"cp-boxes__item\">\n                                                                            <span class=\"cp-label\">03<\/span>\n                                    \n                                                                            <h3>Kundenorientierung<\/h3>\n                                    \n                                                                            <div>\n                                            <p>Unser Ziel ist es, langfristige Beziehungen aufzubauen, die auf Vertrauen und dem Verst\u00e4ndnis der Kundenbed\u00fcrfnisse basieren. Wir behandeln jedes Projekt individuell und passen unsere Dienstleistungen an die spezifischen Anforderungen und Herausforderungen Ihres Unternehmens an. Wir h\u00f6ren zu, beraten und arbeiten zusammen, um L\u00f6sungen zu liefern, die die Sicherheit realistisch verbessern.  <\/p>\n                                        <\/div>\n                                                                    <\/div>\n                                                            <div class=\"cp-boxes__item\">\n                                                                            <span class=\"cp-label\">04<\/span>\n                                    \n                                                                            <h3>Leidenschaft und Engagement<\/h3>\n                                    \n                                                                            <div>\n                                            <p>Cybersicherheit ist f\u00fcr uns mehr als nur ein Beruf \u2013 sie ist unsere gr\u00f6\u00dfte Leidenschaft. Unsere Experten beteiligen sich regelm\u00e4\u00dfig an CTF-Wettbewerben, halten Vortr\u00e4ge auf Branchenkonferenzen und sind aktiv in der Cybersicherheitsgemeinschaft eingebunden. Diese Leidenschaft f\u00fchrt zu einem tiefen Engagement in jedem Projekt und dem kontinuierlichen Streben nach optimalen Ergebnissen.  <\/p>\n                                        <\/div>\n                                                                    <\/div>\n                                                    <\/div>\n                                    <\/div>\n            <\/div>\n        <\/div>\n\n    <\/div>\n<\/section>\n\n\n\n\n\n\n\n<section class=\"cp-block cp-testimonials\">\n    <div class=\"cp-container\">\n        <div class=\"cp-row\">\n            <div class=\"cp-row__col\">\n                                    <h5>Sie vertrauen uns<\/h5>\n                \n                                    <h2>Sie m\u00fcssen nicht nur auf unser Wort vertrauen. Hier erfahren Sie, was unsere Kunden \u00fcber uns berichten. <\/h2>\n                            <\/div>\n        <\/div>\n                    <div class=\"cp-testimonials__slider \">\n                <div class=\"cp-row\">\n                    <div class=\"cp-row__col\">\n                        <div class=\"cp-testimonials__items\">\n                                                                                                <div class=\"cp-testimonials__item\">\n                                                                                    <div class=\"cp-testimonials__item-image\" style=\"background-image: url(https:\/\/elementrica.com\/wp-content\/uploads\/2024\/12\/Dax-logo-1.png)\"><\/div>\n                                                                                                                            <div class=\"cp-testimonials__item-text\">\n                                                <p>Elementrica wurde von uns ausgew\u00e4hlt, um Penetrationstests in mehreren Schl\u00fcsselbereichen unserer IT-Infrastruktur und Schulungen zur Cybersicherheit f\u00fcr unsere Mitarbeiter durchzuf\u00fchren. Das Team, das das Projekt durchf\u00fchrte, bewies Professionalit\u00e4t, indem es die festgestellten Schwachstellen gr\u00fcndlich dokumentierte und klare und praktische Empfehlungen gab, die leicht umzusetzen waren. Aufgrund unserer Erfahrungen k\u00f6nnen wir Elementrica mit gutem Gewissen als zuverl\u00e4ssigen und kompetenten Partner f\u00fcr Penetrationstests und IT-Sicherheit empfehlen.  <\/p>\n                                            <\/div>\n                                                                            <\/div>\n                                                                    <div class=\"cp-testimonials__item\">\n                                                                                    <div class=\"cp-testimonials__item-image\" style=\"background-image: url(https:\/\/elementrica.com\/wp-content\/uploads\/2025\/07\/IC_Solutions-logo.png)\"><\/div>\n                                                                                                                            <div class=\"cp-testimonials__item-text\">\n                                                <p data-start=\"142\" data-end=\"271\">Wir freuen uns, Ihnen best\u00e4tigen zu k\u00f6nnen, dass Elementrica umfassende Penetrationstests f\u00fcr die von unserem Unternehmen entwickelten IT-Produkte durchgef\u00fchrt hat. Die Zusammenarbeit verlief reibungslos und professionell, vom ersten Kontakt \u00fcber die ersten technischen Diskussionen und die Preisgestaltung bis hin zur Durchf\u00fchrung der Tests und der Unterst\u00fctzung nach dem Bericht. Besonders gesch\u00e4tzt haben wir das tiefe Verst\u00e4ndnis des Elementrica-Teams f\u00fcr unsere Produkte und die M\u00f6glichkeit, uns bei der Implementierung von Korrekturen zu beraten.<\/p>\n<p data-start=\"593\" data-end=\"863\">Elementrica zeichnete sich durch ein hohes Ma\u00df an Professionalit\u00e4t, P\u00fcnktlichkeit, eine hervorragende Organisation und ein ausgepr\u00e4gtes Fachwissen im Bereich IT-Sicherheit aus. Der Abschlussbericht war klar, detailliert und enthielt spezifische Empfehlungen, die wir umgesetzt haben, um die Sicherheit unserer Produkte zu verbessern. Wir sch\u00e4tzen ihre transparente Kommunikation und ihre Flexibilit\u00e4t bei der Anpassung des Testumfangs an unsere Bed\u00fcrfnisse. Als Ergebnis des Projekts haben wir ein besseres Verst\u00e4ndnis f\u00fcr potenzielle Bedrohungen gewonnen und diese erfolgreich minimiert.<\/p>\n<p data-start=\"1085\" data-end=\"1271\">Wir empfehlen Elementrica uneingeschr\u00e4nkt als zuverl\u00e4ssigen Partner f\u00fcr Sicherheitstests und IT-Audits. Wir planen, die Zusammenarbeit mit ihnen bei zuk\u00fcnftigen Projekten sowie bei regelm\u00e4\u00dfigen Sicherheitspr\u00fcfungen fortzusetzen.<\/p>\n                                            <\/div>\n                                                                            <\/div>\n                                                                    <div class=\"cp-testimonials__item\">\n                                                                                    <div class=\"cp-testimonials__item-image\" style=\"background-image: url(https:\/\/elementrica.com\/wp-content\/uploads\/2025\/11\/ZUSlogo.png)\"><\/div>\n                                                                                                                            <div class=\"cp-testimonials__item-text\">\n                                                <p>Die Sozialversicherungsanstalt best\u00e4tigt, dass das Unternehmen Elementrica sp. z o.o., Krakau, hat f\u00fcr unsere Mitarbeiter eine Schulung mit dem Titel &#8218;Cyber Security Training &#8211; Introduction to RED Teaming&#8216; durchgef\u00fchrt.<\/p>\n<p>Die Schulung fand in einem Klassenzimmer statt und wurde von 28 Personen besucht. Sie wurde professionell, zuverl\u00e4ssig und wie vereinbart vorbereitet und durchgef\u00fchrt. Die Teilnehmer \u00e4u\u00dferten sich sowohl \u00fcber den Inhalt als auch \u00fcber die Art und Weise, wie die Kurse durchgef\u00fchrt wurden, positiv. Wir k\u00f6nnen Elementrica als zuverl\u00e4ssigen und kompetenten Anbieter von Cybersicherheitsschulungen empfehlen.<\/p>\n                                            <\/div>\n                                                                            <\/div>\n                                                                                    <\/div>\n                    <\/div>\n                <\/div>\n            <\/div>\n            <\/div>\n<\/section>\n\n\n\n\n\n\n\n\n\n<section class=\"cp-block cp-contact-direct\">\n    <div class=\"cp-container\">\n        <div class=\"cp-row\">\n            <div class=\"cp-row__col\">\n                                    <h5>LASS UNS ZUSAMMENARBEITEN<\/h5>\n                \n                                    <h2>Direkter Kontakt<\/h2>\n                            <\/div>\n        <\/div>\n\n        <div class=\"cp-row cp-row--box\">\n                            <div class=\"cp-contact-direct__items\">\n                                            <div class=\"cp-contact-direct__item cp-contact-direct__item--0\">\n                                                            <p><a href=\"mailto:contact@elementrica.com\">contact@elementrica.com<\/a><\/p>\n<p>T <a class=\"generate_lead\" href=\"tel:+48124004777\">+48 12 400 4777<\/a><br \/>\nM <a class=\"generate_lead\" href=\"tel:+48790402277\">+48 790 402 277<\/a><br \/>\nM <a class=\"generate_lead\" href=\"tel:+48733005393\">+48 733 005 393<\/a><br \/>\nM <a class=\"generate_lead\" href=\"tel:+48733003467\">+48 733 003 467<\/a><\/p>\n                                                    <\/div>\n                                            <div class=\"cp-contact-direct__item cp-contact-direct__item--1\">\n                                                            <p><strong>Krak\u00f3w, Polen<br \/>\n<\/strong>Elementrica sp. z o.o.<br \/>\nul. Podole 60<br \/>\n30-394 Krak\u00f3w<br \/>\nNIP: 6762627485  <\/p>\n                                                    <\/div>\n                                            <div class=\"cp-contact-direct__item cp-contact-direct__item--2\">\n                                                            <p><strong>Oslo, Norwegen<br \/>\n<\/strong>Elementrica<br \/>\nHaakon Tveters vei 82<br \/>\n0686 Oslo<br \/>\nVAT-ID: PL6762627485<\/p>\n                                                    <\/div>\n                                            <div class=\"cp-contact-direct__item cp-contact-direct__item--3\">\n                                                            <p><strong>Lass uns mit einer kostenlosen Beratung beginnen<br \/>\n<\/strong>Besprich deine Bed\u00fcrfnisse mit einem unserer Experten und mach den ersten Schritt.<\/p>\n<p><strong><a href=\"https:\/\/elementrica.com\/de\/kontakt\/\">Vereinbare eine kostenlose Beratung<\/a><\/strong><\/p>\n                                                    <\/div>\n                                    <\/div>\n                    <\/div>\n    <\/div>\n<\/section>\n\n\n\n\n\n","protected":false},"excerpt":{"rendered":"<p>Wir sind ein Team von Spezialisten f\u00fcr Penetrationstests und Angriffssimulationen, das sich auf reale Bedrohungen konzentriert und nicht nur auf die Erf\u00fcllung grundlegender Sicherheitsanforderungen. Wir helfen Unternehmen, Schwachstellen in ihren Systemen zu erkennen &#8211; von Web-, Mobil- und Desktop-Anwendungen \u00fcber APIs bis hin zu komplexen Netzwerk-, industriellen IoT- und Cloud-Umgebungen. Unsere St\u00e4rke liegt in der [&hellip;]<\/p>\n","protected":false},"author":3,"featured_media":0,"parent":0,"menu_order":0,"comment_status":"closed","ping_status":"closed","template":"","meta":{"_acf_changed":false,"footnotes":""},"class_list":["post-5599","page","type-page","status-publish","hentry"],"acf":[],"yoast_head":"<!-- This site is optimized with the Yoast SEO Premium plugin v27.1 (Yoast SEO v27.4) - https:\/\/yoast.com\/product\/yoast-seo-premium-wordpress\/ -->\n<title>Unternehmen - Elementrica<\/title>\n<meta name=\"description\" content=\"Wir sind Experten f\u00fcr Cybersicherheit. Erfahren Sie, wer wir sind, was wir tun und warum Sie uns vertrauen k\u00f6nnen, wenn es darum geht, Ihre digitale Welt zu sichern - klug, mutig und immer wachsam.\" \/>\n<meta name=\"robots\" content=\"index, follow, max-snippet:-1, max-image-preview:large, max-video-preview:-1\" \/>\n<link rel=\"canonical\" href=\"https:\/\/elementrica.com\/de\/unternehmen\/\" \/>\n<meta property=\"og:locale\" content=\"de_DE\" \/>\n<meta property=\"og:type\" content=\"article\" \/>\n<meta property=\"og:title\" content=\"Unternehmen\" \/>\n<meta property=\"og:description\" content=\"Wir sind Experten f\u00fcr Cybersicherheit. Erfahren Sie, wer wir sind, was wir tun und warum Sie uns vertrauen k\u00f6nnen, wenn es darum geht, Ihre digitale Welt zu sichern - klug, mutig und immer wachsam.\" \/>\n<meta property=\"og:url\" content=\"https:\/\/elementrica.com\/de\/unternehmen\/\" \/>\n<meta property=\"og:site_name\" content=\"Elementrica\" \/>\n<meta property=\"article:modified_time\" content=\"2025-11-21T14:25:35+00:00\" \/>\n<meta name=\"twitter:card\" content=\"summary_large_image\" \/>\n<meta name=\"twitter:label1\" content=\"Gesch\u00e4tzte Lesezeit\" \/>\n\t<meta name=\"twitter:data1\" content=\"1\u00a0Minute\" \/>\n<script type=\"application\/ld+json\" class=\"yoast-schema-graph\">{\"@context\":\"https:\\\/\\\/schema.org\",\"@graph\":[{\"@type\":\"WebPage\",\"@id\":\"https:\\\/\\\/elementrica.com\\\/de\\\/unternehmen\\\/\",\"url\":\"https:\\\/\\\/elementrica.com\\\/de\\\/unternehmen\\\/\",\"name\":\"Unternehmen - Elementrica\",\"isPartOf\":{\"@id\":\"https:\\\/\\\/mta-sts.elementrica.com\\\/de\\\/#website\"},\"datePublished\":\"2024-09-04T16:43:29+00:00\",\"dateModified\":\"2025-11-21T14:25:35+00:00\",\"description\":\"Wir sind Experten f\u00fcr Cybersicherheit. Erfahren Sie, wer wir sind, was wir tun und warum Sie uns vertrauen k\u00f6nnen, wenn es darum geht, Ihre digitale Welt zu sichern - klug, mutig und immer wachsam.\",\"breadcrumb\":{\"@id\":\"https:\\\/\\\/elementrica.com\\\/de\\\/unternehmen\\\/#breadcrumb\"},\"inLanguage\":\"de\",\"potentialAction\":[{\"@type\":\"ReadAction\",\"target\":[\"https:\\\/\\\/elementrica.com\\\/de\\\/unternehmen\\\/\"]}]},{\"@type\":\"BreadcrumbList\",\"@id\":\"https:\\\/\\\/elementrica.com\\\/de\\\/unternehmen\\\/#breadcrumb\",\"itemListElement\":[{\"@type\":\"ListItem\",\"position\":1,\"name\":\"Home\",\"item\":\"https:\\\/\\\/elementrica.com\\\/de\\\/\"},{\"@type\":\"ListItem\",\"position\":2,\"name\":\"Unternehmen\"}]},{\"@type\":\"WebSite\",\"@id\":\"https:\\\/\\\/mta-sts.elementrica.com\\\/de\\\/#website\",\"url\":\"https:\\\/\\\/mta-sts.elementrica.com\\\/de\\\/\",\"name\":\"Elementrica\",\"description\":\"\",\"publisher\":{\"@id\":\"https:\\\/\\\/mta-sts.elementrica.com\\\/de\\\/#organization\"},\"potentialAction\":[{\"@type\":\"SearchAction\",\"target\":{\"@type\":\"EntryPoint\",\"urlTemplate\":\"https:\\\/\\\/mta-sts.elementrica.com\\\/de\\\/?s={search_term_string}\"},\"query-input\":{\"@type\":\"PropertyValueSpecification\",\"valueRequired\":true,\"valueName\":\"search_term_string\"}}],\"inLanguage\":\"de\"},{\"@type\":\"Organization\",\"@id\":\"https:\\\/\\\/mta-sts.elementrica.com\\\/de\\\/#organization\",\"name\":\"Elementrica\",\"url\":\"https:\\\/\\\/mta-sts.elementrica.com\\\/de\\\/\",\"logo\":{\"@type\":\"ImageObject\",\"inLanguage\":\"de\",\"@id\":\"https:\\\/\\\/mta-sts.elementrica.com\\\/de\\\/#\\\/schema\\\/logo\\\/image\\\/\",\"url\":\"\",\"contentUrl\":\"\",\"caption\":\"Elementrica\"},\"image\":{\"@id\":\"https:\\\/\\\/mta-sts.elementrica.com\\\/de\\\/#\\\/schema\\\/logo\\\/image\\\/\"}}]}<\/script>\n<!-- \/ Yoast SEO Premium plugin. -->","yoast_head_json":{"title":"Unternehmen - Elementrica","description":"Wir sind Experten f\u00fcr Cybersicherheit. Erfahren Sie, wer wir sind, was wir tun und warum Sie uns vertrauen k\u00f6nnen, wenn es darum geht, Ihre digitale Welt zu sichern - klug, mutig und immer wachsam.","robots":{"index":"index","follow":"follow","max-snippet":"max-snippet:-1","max-image-preview":"max-image-preview:large","max-video-preview":"max-video-preview:-1"},"canonical":"https:\/\/elementrica.com\/de\/unternehmen\/","og_locale":"de_DE","og_type":"article","og_title":"Unternehmen","og_description":"Wir sind Experten f\u00fcr Cybersicherheit. Erfahren Sie, wer wir sind, was wir tun und warum Sie uns vertrauen k\u00f6nnen, wenn es darum geht, Ihre digitale Welt zu sichern - klug, mutig und immer wachsam.","og_url":"https:\/\/elementrica.com\/de\/unternehmen\/","og_site_name":"Elementrica","article_modified_time":"2025-11-21T14:25:35+00:00","twitter_card":"summary_large_image","twitter_misc":{"Gesch\u00e4tzte Lesezeit":"1\u00a0Minute"},"schema":{"@context":"https:\/\/schema.org","@graph":[{"@type":"WebPage","@id":"https:\/\/elementrica.com\/de\/unternehmen\/","url":"https:\/\/elementrica.com\/de\/unternehmen\/","name":"Unternehmen - Elementrica","isPartOf":{"@id":"https:\/\/mta-sts.elementrica.com\/de\/#website"},"datePublished":"2024-09-04T16:43:29+00:00","dateModified":"2025-11-21T14:25:35+00:00","description":"Wir sind Experten f\u00fcr Cybersicherheit. Erfahren Sie, wer wir sind, was wir tun und warum Sie uns vertrauen k\u00f6nnen, wenn es darum geht, Ihre digitale Welt zu sichern - klug, mutig und immer wachsam.","breadcrumb":{"@id":"https:\/\/elementrica.com\/de\/unternehmen\/#breadcrumb"},"inLanguage":"de","potentialAction":[{"@type":"ReadAction","target":["https:\/\/elementrica.com\/de\/unternehmen\/"]}]},{"@type":"BreadcrumbList","@id":"https:\/\/elementrica.com\/de\/unternehmen\/#breadcrumb","itemListElement":[{"@type":"ListItem","position":1,"name":"Home","item":"https:\/\/elementrica.com\/de\/"},{"@type":"ListItem","position":2,"name":"Unternehmen"}]},{"@type":"WebSite","@id":"https:\/\/mta-sts.elementrica.com\/de\/#website","url":"https:\/\/mta-sts.elementrica.com\/de\/","name":"Elementrica","description":"","publisher":{"@id":"https:\/\/mta-sts.elementrica.com\/de\/#organization"},"potentialAction":[{"@type":"SearchAction","target":{"@type":"EntryPoint","urlTemplate":"https:\/\/mta-sts.elementrica.com\/de\/?s={search_term_string}"},"query-input":{"@type":"PropertyValueSpecification","valueRequired":true,"valueName":"search_term_string"}}],"inLanguage":"de"},{"@type":"Organization","@id":"https:\/\/mta-sts.elementrica.com\/de\/#organization","name":"Elementrica","url":"https:\/\/mta-sts.elementrica.com\/de\/","logo":{"@type":"ImageObject","inLanguage":"de","@id":"https:\/\/mta-sts.elementrica.com\/de\/#\/schema\/logo\/image\/","url":"","contentUrl":"","caption":"Elementrica"},"image":{"@id":"https:\/\/mta-sts.elementrica.com\/de\/#\/schema\/logo\/image\/"}}]}},"_links":{"self":[{"href":"https:\/\/elementrica.com\/de\/wp-json\/wp\/v2\/pages\/5599","targetHints":{"allow":["GET"]}}],"collection":[{"href":"https:\/\/elementrica.com\/de\/wp-json\/wp\/v2\/pages"}],"about":[{"href":"https:\/\/elementrica.com\/de\/wp-json\/wp\/v2\/types\/page"}],"author":[{"embeddable":true,"href":"https:\/\/elementrica.com\/de\/wp-json\/wp\/v2\/users\/3"}],"replies":[{"embeddable":true,"href":"https:\/\/elementrica.com\/de\/wp-json\/wp\/v2\/comments?post=5599"}],"version-history":[{"count":9,"href":"https:\/\/elementrica.com\/de\/wp-json\/wp\/v2\/pages\/5599\/revisions"}],"predecessor-version":[{"id":7766,"href":"https:\/\/elementrica.com\/de\/wp-json\/wp\/v2\/pages\/5599\/revisions\/7766"}],"wp:attachment":[{"href":"https:\/\/elementrica.com\/de\/wp-json\/wp\/v2\/media?parent=5599"}],"curies":[{"name":"wp","href":"https:\/\/api.w.org\/{rel}","templated":true}]}}