{"id":5657,"date":"2024-09-04T18:35:11","date_gmt":"2024-09-04T16:35:11","guid":{"rendered":"https:\/\/elementrica.com\/dienstleistungen\/"},"modified":"2025-05-03T14:03:21","modified_gmt":"2025-05-03T12:03:21","slug":"dienstleistungen","status":"publish","type":"page","link":"https:\/\/elementrica.com\/de\/dienstleistungen\/","title":{"rendered":"Dienstleistungen"},"content":{"rendered":"<section class=\"cp-block cp-services\">\n    <div class=\"cp-container\">\n        <div class=\"cp-row\">\n            <div class=\"cp-row__col\">\n                                    <h5>Was wir f\u00fcr Sie tun k\u00f6nnen<\/h5>\n                \n                                    <h2>Penetration Testing, Attack Simulations, IT Security Audits and Incident Response<\/h2>\n                \n                                    <div class=\"cp-services-list\">\n                                                    <div class=\"cp-services-list__item\">\n                                                                    <h5 class=\"cp-text-accent-on\" >\n                                                                                    <span class=\"cp-text-accent cp-text-accent--orange\">01<\/span>\n                                                                                Penetrationstests                                    <\/h5>\n                                <div class=\"cp-services-items\">\n                                                                                                                        <a href=\"https:\/\/elementrica.com\/de\/dienstleistungen\/penetrationstest\/penetrationstests-fuer-webanwendungen\/\">\n                                                Penetrationstests f\u00fcr Webanwendungen                                            <\/a>\n                                                                                    <a href=\"https:\/\/elementrica.com\/de\/dienstleistungen\/penetrationstest\/penetrationstests-fuer-mobile-anwendungen\/\">\n                                                Penetrationstests f\u00fcr mobile Anwendungen                                            <\/a>\n                                                                                    <a href=\"https:\/\/elementrica.com\/de\/dienstleistungen\/penetrationstest\/penetrationstests-fuer-desktop-anwendungen\/\">\n                                                Penetrationstests f\u00fcr Desktop-Anwendungen                                            <\/a>\n                                                                                    <a href=\"https:\/\/elementrica.com\/de\/dienstleistungen\/penetrationstest\/api-tests\/\">\n                                                API-Tests                                            <\/a>\n                                                                                    <a href=\"https:\/\/elementrica.com\/de\/dienstleistungen\/penetrationstest\/sast\/\">\n                                                SAST                                            <\/a>\n                                                                                    <a href=\"https:\/\/elementrica.com\/de\/dienstleistungen\/penetrationstest\/llm-anwendungs-penetrationstests\/\">\n                                                LLM Anwendungs-Penetrationstests                                            <\/a>\n                                                                                    <a href=\"https:\/\/elementrica.com\/de\/dienstleistungen\/penetrationstest\/web3-anwendungs-penetrationstests\/\">\n                                                Web3 Anwendungs-Penetrationstests                                            <\/a>\n                                                                                    <a href=\"https:\/\/elementrica.com\/de\/dienstleistungen\/penetrationstest\/externe-netzwerk-penetrationstests\/\">\n                                                Externe Netzwerk-Penetrationstests                                            <\/a>\n                                                                                    <a href=\"https:\/\/elementrica.com\/de\/dienstleistungen\/penetrationstest\/interne-netzwerk-penetrationstests\/\">\n                                                Interne Netzwerk-Penetrationstests                                            <\/a>\n                                                                                    <a href=\"https:\/\/elementrica.com\/de\/dienstleistungen\/penetrationstest\/penetrationstests-fuer-drahtlose-netzwerke\/\">\n                                                Penetrationstests f\u00fcr drahtlose Netzwerke                                            <\/a>\n                                                                                    <a href=\"https:\/\/elementrica.com\/de\/dienstleistungen\/penetrationstest\/ics-scada-ot-iot-penetrationstests\/\">\n                                                ICS SCADA OT IoT Penetrationstests                                            <\/a>\n                                                                                                            <\/div>\n                                                            <\/div>\n                                                    <div class=\"cp-services-list__item\">\n                                                                    <h5 class=\"cp-text-accent-on\" >\n                                                                                    <span class=\"cp-text-accent cp-text-accent--red\">02<\/span>\n                                                                                Angriffssimulationen                                    <\/h5>\n                                <div class=\"cp-services-items\">\n                                                                                                                        <a href=\"https:\/\/elementrica.com\/de\/dienstleistungen\/angriffs-simulationen\/bedrohungsgesteuerte-penetrationstests-tlpt\/\">\n                                                Bedrohungsgesteuerte Penetrationstests (TLPT)                                            <\/a>\n                                                                                    <a href=\"https:\/\/elementrica.com\/de\/dienstleistungen\/angriffs-simulationen\/red-team\/\">\n                                                Red Team                                            <\/a>\n                                                                                    <a href=\"https:\/\/elementrica.com\/de\/dienstleistungen\/angriffs-simulationen\/purple-team\/\">\n                                                Purple Team                                            <\/a>\n                                                                                    <a href=\"https:\/\/elementrica.com\/de\/dienstleistungen\/angriffs-simulationen\/apt-simulationen\/\">\n                                                APT-Simulationen                                            <\/a>\n                                                                                    <a href=\"https:\/\/elementrica.com\/de\/dienstleistungen\/angriffs-simulationen\/ransomware-angriffssimulationen\/\">\n                                                Ransomware-Angriffssimulationen                                            <\/a>\n                                                                                    <a href=\"https:\/\/elementrica.com\/de\/dienstleistungen\/angriffs-simulationen\/phishing-kampagnen\/\">\n                                                Phishing-Kampagnen                                            <\/a>\n                                                                                    <a href=\"https:\/\/elementrica.com\/de\/dienstleistungen\/angriffs-simulationen\/pruefung-der-physischen-sicherheit\/\">\n                                                Pr\u00fcfung der physischen Sicherheit                                            <\/a>\n                                                                                    <a href=\"https:\/\/elementrica.com\/de\/dienstleistungen\/angriffs-simulationen\/sozialtechnik\/\">\n                                                Sozialtechnik                                            <\/a>\n                                                                                                            <\/div>\n                                                            <\/div>\n                                                    <div class=\"cp-services-list__item\">\n                                                                    <h5 class=\"cp-text-accent-on\" >\n                                                                                    <span class=\"cp-text-accent cp-text-accent--green\">03<\/span>\n                                                                                IT-Sicherheitsaudits                                    <\/h5>\n                                <div class=\"cp-services-items\">\n                                                                                                                        <a href=\"https:\/\/elementrica.com\/de\/dienstleistungen\/it-sicherheitsaudits\/it-sicherheitsaudit\/\">\n                                                IT-Sicherheitsaudit                                            <\/a>\n                                                                                    <a href=\"https:\/\/elementrica.com\/de\/dienstleistungen\/it-sicherheitsaudits\/dora\/\">\n                                                DORA                                            <\/a>\n                                                                                    <a href=\"https:\/\/elementrica.com\/de\/dienstleistungen\/it-sicherheitsaudits\/nis2\/\">\n                                                NIS2                                            <\/a>\n                                                                                    <a href=\"https:\/\/elementrica.com\/de\/dienstleistungen\/it-sicherheitsaudits\/uksc\/\">\n                                                UKSC                                            <\/a>\n                                                                                    <a href=\"https:\/\/elementrica.com\/de\/dienstleistungen\/it-sicherheitsaudits\/iso-27001\/\">\n                                                ISO 27001                                            <\/a>\n                                                                                    <a href=\"https:\/\/elementrica.com\/de\/dienstleistungen\/it-sicherheitsaudits\/active-directory-sicherheitsaudit\/\">\n                                                Active Directory Sicherheitsaudit                                            <\/a>\n                                                                                    <a href=\"https:\/\/elementrica.com\/de\/dienstleistungen\/it-sicherheitsaudits\/entra-id-sicherheitsaudit\/\">\n                                                Entra ID Sicherheitsaudit                                            <\/a>\n                                                                                    <a href=\"https:\/\/elementrica.com\/de\/dienstleistungen\/it-sicherheitsaudits\/sicherheitsaudit-der-cloud-umgebung\/\">\n                                                Sicherheitsaudit der Cloud-Umgebung                                            <\/a>\n                                                                                                            <\/div>\n                                                            <\/div>\n                                                    <div class=\"cp-services-list__item\">\n                                                                    <h5 class=\"cp-text-accent-on\" >\n                                                                                    <span class=\"cp-text-accent cp-text-accent--blue\">04<\/span>\n                                                                                Vorfallreaktion                                    <\/h5>\n                                <div class=\"cp-services-items\">\n                                                                                                                        <a href=\"https:\/\/elementrica.com\/de\/dienstleistungen\/reaktion-auf-vorfaelle\/dfir\/\">\n                                                DFIR                                            <\/a>\n                                                                                    <a href=\"https:\/\/elementrica.com\/de\/dienstleistungen\/reaktion-auf-vorfaelle\/bedrohungsanalyse-fuer-unternehmen\/\">\n                                                Bedrohungsanalyse f\u00fcr Unternehmen                                            <\/a>\n                                                                                                            <\/div>\n                                                            <\/div>\n                                            <\/div>\n                            <\/div>\n        <\/div>\n    <\/div>\n<\/section>\n\n\n\n\n\n\n\n<section class=\"cp-block cp-text-image\">\n    <div class=\"cp-container\">\n        <div class=\"cp-row\">\n            <div class=\"cp-row__col\">\n                                    <h5>Beginnen Sie mit einer kostenlosen Beratung<\/h5>\n                \n                                    <h2>Der beste erste Schritt ist, mit unserem Berater zu sprechen<\/h2>\n                \n                                    <div class=\"cp-text-image__text\">\n                        <p>Wenn Sie eine kostenlose Beratung mit Elementrica vereinbaren, wird sich unser Experte mit Ihnen in Verbindung setzen, um Ihre Sicherheitsbed\u00fcrfnisse und -anliegen zu besprechen. Anschlie\u00dfend erstellen wir ein Umfangsdokument, in dem die spezifischen Tests und Bewertungen aufgef\u00fchrt sind, die wir empfehlen. Dieser ma\u00dfgeschneiderte Ansatz stellt sicher, dass Sie gezielte L\u00f6sungen zur Verbesserung Ihrer Cybersicherheit erhalten.<\/p>\n                    <\/div>\n                \n                                    <a href=\"https:\/\/elementrica.com\/de\/kontakt\/\" target=\"\" class=\"cp-button generate_lead\">Vereinbaren Sie eine kostenlose Beratung<\/a>\n                            <\/div>\n            <div class=\"cp-row__col cp-row__col--v-center col-image\">\n                                    <div class=\"cp-text-image__image\" style=\"background-image: url(https:\/\/elementrica.com\/wp-content\/uploads\/2024\/10\/chrisg5616_Two_people_in_black_hoodies_working_on_computers_at__bad8ba00-32a1-4454-ab30-d4478d49038c-800x600.webp)\"><\/div>\n                            <\/div>\n        <\/div>\n    <\/div>\n<\/section>\n\n\n\n\n\n\n\n<section class=\"cp-block cp-contact-direct\">\n    <div class=\"cp-container\">\n        <div class=\"cp-row\">\n            <div class=\"cp-row__col\">\n                                    <h5>LASS UNS ZUSAMMENARBEITEN<\/h5>\n                \n                                    <h2>Direkter Kontakt<\/h2>\n                            <\/div>\n        <\/div>\n\n        <div class=\"cp-row cp-row--box\">\n                            <div class=\"cp-contact-direct__items\">\n                                            <div class=\"cp-contact-direct__item cp-contact-direct__item--0\">\n                                                            <p><a href=\"mailto:contact@elementrica.com\">contact@elementrica.com<\/a><\/p>\n<p>T <a class=\"generate_lead\" href=\"tel:+48124004777\">+48 12 400 4777<\/a><br \/>\nM <a class=\"generate_lead\" href=\"tel:+48790402277\">+48 790 402 277<\/a><br \/>\nM <a class=\"generate_lead\" href=\"tel:+48733005393\">+48 733 005 393<\/a><br \/>\nM <a class=\"generate_lead\" href=\"tel:+48733003467\">+48 733 003 467<\/a><\/p>\n                                                    <\/div>\n                                            <div class=\"cp-contact-direct__item cp-contact-direct__item--1\">\n                                                            <p><strong>Krak\u00f3w, Polen<br \/>\n<\/strong>Elementrica sp. z o.o.<br \/>\nul. Podole 60<br \/>\n30-394 Krak\u00f3w<br \/>\nNIP: 6762627485  <\/p>\n                                                    <\/div>\n                                            <div class=\"cp-contact-direct__item cp-contact-direct__item--2\">\n                                                            <p><strong>Oslo, Norwegen<br \/>\n<\/strong>Elementrica<br \/>\nHaakon Tveters vei 82<br \/>\n0686 Oslo<br \/>\nVAT-ID: PL6762627485<\/p>\n                                                    <\/div>\n                                            <div class=\"cp-contact-direct__item cp-contact-direct__item--3\">\n                                                            <p><strong>Lass uns mit einer kostenlosen Beratung beginnen<br \/>\n<\/strong>Besprich deine Bed\u00fcrfnisse mit einem unserer Experten und mach den ersten Schritt.<\/p>\n<p><strong><a href=\"https:\/\/elementrica.com\/de\/kontakt\/\">Vereinbare eine kostenlose Beratung<\/a><\/strong><\/p>\n                                                    <\/div>\n                                    <\/div>\n                    <\/div>\n    <\/div>\n<\/section>\n\n\n\n\n\n\n\n\n<p><\/p>\n","protected":false},"excerpt":{"rendered":"","protected":false},"author":3,"featured_media":0,"parent":0,"menu_order":0,"comment_status":"closed","ping_status":"closed","template":"","meta":{"_acf_changed":false,"footnotes":""},"class_list":["post-5657","page","type-page","status-publish","hentry"],"acf":[],"yoast_head":"<!-- This site is optimized with the Yoast SEO Premium plugin v27.1 (Yoast SEO v27.4) - https:\/\/yoast.com\/product\/yoast-seo-premium-wordpress\/ -->\n<title>Dienstleistungen - Elementrica<\/title>\n<meta name=\"description\" content=\"Wir bieten Penetrationstests, Angriffssimulationen und Sicherheits-Audits. So sch\u00fctzen wir dein Unternehmen vor digitalen Bedrohungen.\" \/>\n<meta name=\"robots\" content=\"index, follow, max-snippet:-1, max-image-preview:large, max-video-preview:-1\" \/>\n<link rel=\"canonical\" href=\"https:\/\/elementrica.com\/de\/dienstleistungen\/\" \/>\n<meta property=\"og:locale\" content=\"de_DE\" \/>\n<meta property=\"og:type\" content=\"article\" \/>\n<meta property=\"og:title\" content=\"Dienstleistungen\" \/>\n<meta property=\"og:description\" content=\"Wir bieten Penetrationstests, Angriffssimulationen und Sicherheits-Audits. So sch\u00fctzen wir dein Unternehmen vor digitalen Bedrohungen.\" \/>\n<meta property=\"og:url\" content=\"https:\/\/elementrica.com\/de\/dienstleistungen\/\" \/>\n<meta property=\"og:site_name\" content=\"Elementrica\" \/>\n<meta property=\"article:modified_time\" content=\"2025-05-03T12:03:21+00:00\" \/>\n<meta name=\"twitter:card\" content=\"summary_large_image\" \/>\n<script type=\"application\/ld+json\" class=\"yoast-schema-graph\">{\"@context\":\"https:\\\/\\\/schema.org\",\"@graph\":[{\"@type\":\"WebPage\",\"@id\":\"https:\\\/\\\/elementrica.com\\\/de\\\/dienstleistungen\\\/\",\"url\":\"https:\\\/\\\/elementrica.com\\\/de\\\/dienstleistungen\\\/\",\"name\":\"Dienstleistungen - Elementrica\",\"isPartOf\":{\"@id\":\"https:\\\/\\\/mta-sts.elementrica.com\\\/de\\\/#website\"},\"datePublished\":\"2024-09-04T16:35:11+00:00\",\"dateModified\":\"2025-05-03T12:03:21+00:00\",\"description\":\"Wir bieten Penetrationstests, Angriffssimulationen und Sicherheits-Audits. So sch\u00fctzen wir dein Unternehmen vor digitalen Bedrohungen.\",\"breadcrumb\":{\"@id\":\"https:\\\/\\\/elementrica.com\\\/de\\\/dienstleistungen\\\/#breadcrumb\"},\"inLanguage\":\"de\",\"potentialAction\":[{\"@type\":\"ReadAction\",\"target\":[\"https:\\\/\\\/elementrica.com\\\/de\\\/dienstleistungen\\\/\"]}]},{\"@type\":\"BreadcrumbList\",\"@id\":\"https:\\\/\\\/elementrica.com\\\/de\\\/dienstleistungen\\\/#breadcrumb\",\"itemListElement\":[{\"@type\":\"ListItem\",\"position\":1,\"name\":\"Home\",\"item\":\"https:\\\/\\\/elementrica.com\\\/de\\\/\"},{\"@type\":\"ListItem\",\"position\":2,\"name\":\"Dienstleistungen\"}]},{\"@type\":\"WebSite\",\"@id\":\"https:\\\/\\\/mta-sts.elementrica.com\\\/de\\\/#website\",\"url\":\"https:\\\/\\\/mta-sts.elementrica.com\\\/de\\\/\",\"name\":\"Elementrica\",\"description\":\"\",\"publisher\":{\"@id\":\"https:\\\/\\\/mta-sts.elementrica.com\\\/de\\\/#organization\"},\"potentialAction\":[{\"@type\":\"SearchAction\",\"target\":{\"@type\":\"EntryPoint\",\"urlTemplate\":\"https:\\\/\\\/mta-sts.elementrica.com\\\/de\\\/?s={search_term_string}\"},\"query-input\":{\"@type\":\"PropertyValueSpecification\",\"valueRequired\":true,\"valueName\":\"search_term_string\"}}],\"inLanguage\":\"de\"},{\"@type\":\"Organization\",\"@id\":\"https:\\\/\\\/mta-sts.elementrica.com\\\/de\\\/#organization\",\"name\":\"Elementrica\",\"url\":\"https:\\\/\\\/mta-sts.elementrica.com\\\/de\\\/\",\"logo\":{\"@type\":\"ImageObject\",\"inLanguage\":\"de\",\"@id\":\"https:\\\/\\\/mta-sts.elementrica.com\\\/de\\\/#\\\/schema\\\/logo\\\/image\\\/\",\"url\":\"\",\"contentUrl\":\"\",\"caption\":\"Elementrica\"},\"image\":{\"@id\":\"https:\\\/\\\/mta-sts.elementrica.com\\\/de\\\/#\\\/schema\\\/logo\\\/image\\\/\"}}]}<\/script>\n<!-- \/ Yoast SEO Premium plugin. -->","yoast_head_json":{"title":"Dienstleistungen - Elementrica","description":"Wir bieten Penetrationstests, Angriffssimulationen und Sicherheits-Audits. So sch\u00fctzen wir dein Unternehmen vor digitalen Bedrohungen.","robots":{"index":"index","follow":"follow","max-snippet":"max-snippet:-1","max-image-preview":"max-image-preview:large","max-video-preview":"max-video-preview:-1"},"canonical":"https:\/\/elementrica.com\/de\/dienstleistungen\/","og_locale":"de_DE","og_type":"article","og_title":"Dienstleistungen","og_description":"Wir bieten Penetrationstests, Angriffssimulationen und Sicherheits-Audits. So sch\u00fctzen wir dein Unternehmen vor digitalen Bedrohungen.","og_url":"https:\/\/elementrica.com\/de\/dienstleistungen\/","og_site_name":"Elementrica","article_modified_time":"2025-05-03T12:03:21+00:00","twitter_card":"summary_large_image","schema":{"@context":"https:\/\/schema.org","@graph":[{"@type":"WebPage","@id":"https:\/\/elementrica.com\/de\/dienstleistungen\/","url":"https:\/\/elementrica.com\/de\/dienstleistungen\/","name":"Dienstleistungen - Elementrica","isPartOf":{"@id":"https:\/\/mta-sts.elementrica.com\/de\/#website"},"datePublished":"2024-09-04T16:35:11+00:00","dateModified":"2025-05-03T12:03:21+00:00","description":"Wir bieten Penetrationstests, Angriffssimulationen und Sicherheits-Audits. So sch\u00fctzen wir dein Unternehmen vor digitalen Bedrohungen.","breadcrumb":{"@id":"https:\/\/elementrica.com\/de\/dienstleistungen\/#breadcrumb"},"inLanguage":"de","potentialAction":[{"@type":"ReadAction","target":["https:\/\/elementrica.com\/de\/dienstleistungen\/"]}]},{"@type":"BreadcrumbList","@id":"https:\/\/elementrica.com\/de\/dienstleistungen\/#breadcrumb","itemListElement":[{"@type":"ListItem","position":1,"name":"Home","item":"https:\/\/elementrica.com\/de\/"},{"@type":"ListItem","position":2,"name":"Dienstleistungen"}]},{"@type":"WebSite","@id":"https:\/\/mta-sts.elementrica.com\/de\/#website","url":"https:\/\/mta-sts.elementrica.com\/de\/","name":"Elementrica","description":"","publisher":{"@id":"https:\/\/mta-sts.elementrica.com\/de\/#organization"},"potentialAction":[{"@type":"SearchAction","target":{"@type":"EntryPoint","urlTemplate":"https:\/\/mta-sts.elementrica.com\/de\/?s={search_term_string}"},"query-input":{"@type":"PropertyValueSpecification","valueRequired":true,"valueName":"search_term_string"}}],"inLanguage":"de"},{"@type":"Organization","@id":"https:\/\/mta-sts.elementrica.com\/de\/#organization","name":"Elementrica","url":"https:\/\/mta-sts.elementrica.com\/de\/","logo":{"@type":"ImageObject","inLanguage":"de","@id":"https:\/\/mta-sts.elementrica.com\/de\/#\/schema\/logo\/image\/","url":"","contentUrl":"","caption":"Elementrica"},"image":{"@id":"https:\/\/mta-sts.elementrica.com\/de\/#\/schema\/logo\/image\/"}}]}},"_links":{"self":[{"href":"https:\/\/elementrica.com\/de\/wp-json\/wp\/v2\/pages\/5657","targetHints":{"allow":["GET"]}}],"collection":[{"href":"https:\/\/elementrica.com\/de\/wp-json\/wp\/v2\/pages"}],"about":[{"href":"https:\/\/elementrica.com\/de\/wp-json\/wp\/v2\/types\/page"}],"author":[{"embeddable":true,"href":"https:\/\/elementrica.com\/de\/wp-json\/wp\/v2\/users\/3"}],"replies":[{"embeddable":true,"href":"https:\/\/elementrica.com\/de\/wp-json\/wp\/v2\/comments?post=5657"}],"version-history":[{"count":4,"href":"https:\/\/elementrica.com\/de\/wp-json\/wp\/v2\/pages\/5657\/revisions"}],"predecessor-version":[{"id":7320,"href":"https:\/\/elementrica.com\/de\/wp-json\/wp\/v2\/pages\/5657\/revisions\/7320"}],"wp:attachment":[{"href":"https:\/\/elementrica.com\/de\/wp-json\/wp\/v2\/media?parent=5657"}],"curies":[{"name":"wp","href":"https:\/\/api.w.org\/{rel}","templated":true}]}}