{"id":5635,"date":"2024-09-04T18:35:11","date_gmt":"2024-09-04T16:35:11","guid":{"rendered":"https:\/\/elementrica.com\/uslugi\/"},"modified":"2025-05-03T13:50:49","modified_gmt":"2025-05-03T11:50:49","slug":"uslugi","status":"publish","type":"page","link":"https:\/\/elementrica.com\/pl\/uslugi\/","title":{"rendered":"Us\u0142ugi"},"content":{"rendered":"<section class=\"cp-block cp-services\">\n    <div class=\"cp-container\">\n        <div class=\"cp-row\">\n            <div class=\"cp-row__col\">\n                                    <h5>CO MO\u017bEMY DLA CIEBIE ZROBI\u0106<\/h5>\n                \n                                    <h2>Testy penetracyjne, symulacje atak\u00f3w, audyty bezpiecze\u0144stwa IT i reagowanie na incydenty<\/h2>\n                \n                                    <div class=\"cp-services-list\">\n                                                    <div class=\"cp-services-list__item\">\n                                                                    <h5 class=\"cp-text-accent-on\" >\n                                                                                    <span class=\"cp-text-accent cp-text-accent--orange\">01<\/span>\n                                                                                TESTY PENETRACYJNE                                    <\/h5>\n                                <div class=\"cp-services-items\">\n                                                                                                                        <a href=\"https:\/\/elementrica.com\/pl\/uslugi\/testy-penetracyjne\/testy-penetracyjne-web-aplikacji\/\">\n                                                Testy penetracyjne web aplikacji                                            <\/a>\n                                                                                    <a href=\"https:\/\/elementrica.com\/pl\/uslugi\/testy-penetracyjne\/testy-penetracyjne-aplikacji-mobilnych\/\">\n                                                Testy penetracyjne aplikacji mobilnych                                            <\/a>\n                                                                                    <a href=\"https:\/\/elementrica.com\/pl\/uslugi\/testy-penetracyjne\/testy-penetracyjne-aplikacji-desktopowych\/\">\n                                                Testy penetracyjne aplikacji desktopowych                                            <\/a>\n                                                                                    <a href=\"https:\/\/elementrica.com\/pl\/uslugi\/testy-penetracyjne\/testowanie-api\/\">\n                                                Testowanie API                                            <\/a>\n                                                                                    <a href=\"https:\/\/elementrica.com\/pl\/uslugi\/testy-penetracyjne\/sast\/\">\n                                                SAST                                            <\/a>\n                                                                                    <a href=\"https:\/\/elementrica.com\/pl\/uslugi\/testy-penetracyjne\/testy-penetracyjne-aplikacji-llm\/\">\n                                                Testy penetracyjne aplikacji LLM                                            <\/a>\n                                                                                    <a href=\"https:\/\/elementrica.com\/pl\/uslugi\/testy-penetracyjne\/testy-penetracyjne-aplikacji-web3\/\">\n                                                Testy penetracyjne aplikacji Web3                                            <\/a>\n                                                                                    <a href=\"https:\/\/elementrica.com\/pl\/uslugi\/testy-penetracyjne\/testy-penetracyjne-sieci-zewnetrznej\/\">\n                                                Testy penetracyjne sieci zewn\u0119trznej                                            <\/a>\n                                                                                    <a href=\"https:\/\/elementrica.com\/pl\/uslugi\/testy-penetracyjne\/testy-penetracyjne-sieci-wewnetrznej\/\">\n                                                Testy penetracyjne sieci wewn\u0119trznej                                            <\/a>\n                                                                                    <a href=\"https:\/\/elementrica.com\/pl\/uslugi\/testy-penetracyjne\/testy-penetracyjne-sieci-bezprzewodowych\/\">\n                                                Testy penetracyjne sieci bezprzewodowych                                            <\/a>\n                                                                                    <a href=\"https:\/\/elementrica.com\/pl\/uslugi\/testy-penetracyjne\/testy-penetracyjne-ics-scada-ot-iot\/\">\n                                                Testy penetracyjne ICS SCADA OT IoT                                            <\/a>\n                                                                                                            <\/div>\n                                                            <\/div>\n                                                    <div class=\"cp-services-list__item\">\n                                                                    <h5 class=\"cp-text-accent-on\" >\n                                                                                    <span class=\"cp-text-accent cp-text-accent--red\">02<\/span>\n                                                                                SYMULACJE ATAK\u00d3W                                    <\/h5>\n                                <div class=\"cp-services-items\">\n                                                                                                                        <a href=\"https:\/\/elementrica.com\/pl\/uslugi\/symulacje-ataku\/testy-penetracyjne-oparte-na-zagrozeniach-tlpt\/\">\n                                                Testy penetracyjne oparte na zagro\u017ceniach (TLPT)                                            <\/a>\n                                                                                    <a href=\"https:\/\/elementrica.com\/pl\/uslugi\/symulacje-ataku\/red-team\/\">\n                                                Red Team                                            <\/a>\n                                                                                    <a href=\"https:\/\/elementrica.com\/pl\/uslugi\/symulacje-ataku\/purple-team\/\">\n                                                Purple Team                                            <\/a>\n                                                                                    <a href=\"https:\/\/elementrica.com\/pl\/uslugi\/symulacje-ataku\/symulacje-apt\/\">\n                                                Symulacje APT                                            <\/a>\n                                                                                    <a href=\"https:\/\/elementrica.com\/pl\/uslugi\/symulacje-ataku\/symulacje-atakow-ransomware\/\">\n                                                Symulacje atak\u00f3w ransomware                                            <\/a>\n                                                                                    <a href=\"https:\/\/elementrica.com\/pl\/uslugi\/symulacje-ataku\/kampanie-phishing\/\">\n                                                Kampanie Phishing                                            <\/a>\n                                                                                    <a href=\"https:\/\/elementrica.com\/pl\/uslugi\/symulacje-ataku\/testy-bezpieczenstwa-fizycznego\/\">\n                                                Testy bezpiecze\u0144stwa fizycznego                                            <\/a>\n                                                                                    <a href=\"https:\/\/elementrica.com\/pl\/uslugi\/symulacje-ataku\/inzynieria-spoleczna\/\">\n                                                In\u017cynieria spo\u0142eczna                                            <\/a>\n                                                                                                            <\/div>\n                                                            <\/div>\n                                                    <div class=\"cp-services-list__item\">\n                                                                    <h5 class=\"cp-text-accent-on\" >\n                                                                                    <span class=\"cp-text-accent cp-text-accent--green\">03<\/span>\n                                                                                AUDYTY BEZPIECZE\u0143STWA INFORMATYCZNEGO                                    <\/h5>\n                                <div class=\"cp-services-items\">\n                                                                                                                        <a href=\"https:\/\/elementrica.com\/pl\/uslugi\/audyty-bezpieczenstwa-it\/audyt-bezpieczenstwa-it\/\">\n                                                Audyt bezpiecze\u0144stwa IT                                            <\/a>\n                                                                                    <a href=\"https:\/\/elementrica.com\/pl\/uslugi\/audyty-bezpieczenstwa-it\/dora\/\">\n                                                DORA                                            <\/a>\n                                                                                    <a href=\"https:\/\/elementrica.com\/pl\/uslugi\/audyty-bezpieczenstwa-it\/nis2\/\">\n                                                NIS2                                            <\/a>\n                                                                                    <a href=\"https:\/\/elementrica.com\/pl\/uslugi\/audyty-bezpieczenstwa-it\/uksc\/\">\n                                                UKSC                                            <\/a>\n                                                                                    <a href=\"https:\/\/elementrica.com\/pl\/uslugi\/audyty-bezpieczenstwa-it\/iso-27001\/\">\n                                                ISO 27001                                            <\/a>\n                                                                                    <a href=\"https:\/\/elementrica.com\/pl\/uslugi\/audyty-bezpieczenstwa-it\/audyt-bezpieczenstwa-active-directory\/\">\n                                                Audyt bezpiecze\u0144stwa Active Directory                                            <\/a>\n                                                                                    <a href=\"https:\/\/elementrica.com\/pl\/uslugi\/audyty-bezpieczenstwa-it\/audyt-bezpieczenstwa-entra-id\/\">\n                                                Audyt bezpiecze\u0144stwa Entra ID                                            <\/a>\n                                                                                    <a href=\"https:\/\/elementrica.com\/pl\/uslugi\/audyty-bezpieczenstwa-it\/audyt-bezpieczenstwa-srodowiska-w-chmurze\/\">\n                                                Audyt bezpiecze\u0144stwa \u015brodowiska w chmurze                                            <\/a>\n                                                                                                            <\/div>\n                                                            <\/div>\n                                                    <div class=\"cp-services-list__item\">\n                                                                    <h5 class=\"cp-text-accent-on\" >\n                                                                                    <span class=\"cp-text-accent cp-text-accent--blue\">04<\/span>\n                                                                                REAKCJA NA INCYDENT                                    <\/h5>\n                                <div class=\"cp-services-items\">\n                                                                                                                        <a href=\"https:\/\/elementrica.com\/pl\/uslugi\/reakcja-na-incydent\/dfir\/\">\n                                                DFIR                                            <\/a>\n                                                                                    <a href=\"https:\/\/elementrica.com\/pl\/uslugi\/reakcja-na-incydent\/corporate-threat-intelligence\/\">\n                                                Corporate Threat Intelligence                                            <\/a>\n                                                                                                            <\/div>\n                                                            <\/div>\n                                            <\/div>\n                            <\/div>\n        <\/div>\n    <\/div>\n<\/section>\n\n\n\n\n\n\n\n<section class=\"cp-block cp-text-image\">\n    <div class=\"cp-container\">\n        <div class=\"cp-row\">\n            <div class=\"cp-row__col\">\n                                    <h5>ZACZNIJMY OD BEZP\u0141ATNEJ KONSULTACJI<\/h5>\n                \n                                    <h2>Najlepszym pierwszym krokiem jest rozmowa z naszym konsultantem<\/h2>\n                \n                                    <div class=\"cp-text-image__text\">\n                        <p>Gdy um\u00f3wisz si\u0119 na bezp\u0142atn\u0105 konsultacj\u0119 z Elementrica, nasz ekspert skontaktuje si\u0119 z Tob\u0105, aby om\u00f3wi\u0107 Twoje potrzeby i obawy zwi\u0105zane z bezpiecze\u0144stwem. Nast\u0119pnie stworzymy dokument okre\u015blaj\u0105cy zakres konkretnych test\u00f3w i ocen, kt\u00f3re zalecamy. Takie zindywidualizowane podej\u015bcie zapewnia otrzymanie ukierunkowanych rozwi\u0105za\u0144 w celu zwi\u0119kszenia cyberbezpiecze\u0144stwa.<\/p>\n                    <\/div>\n                \n                                    <a href=\"https:\/\/elementrica.com\/pl\/kontakt\/\" target=\"\" class=\"cp-button generate_lead\">Zaplanuj bezp\u0142atn\u0105 konsultacj\u0119<\/a>\n                            <\/div>\n            <div class=\"cp-row__col cp-row__col--v-center col-image\">\n                                    <div class=\"cp-text-image__image\" style=\"background-image: url(https:\/\/elementrica.com\/wp-content\/uploads\/2024\/10\/chrisg5616_Two_people_in_black_hoodies_working_on_computers_at__bad8ba00-32a1-4454-ab30-d4478d49038c-800x600.webp)\"><\/div>\n                            <\/div>\n        <\/div>\n    <\/div>\n<\/section>\n\n\n\n\n\n\n\n<section class=\"cp-block cp-contact-direct\">\n    <div class=\"cp-container\">\n        <div class=\"cp-row\">\n            <div class=\"cp-row__col\">\n                                    <h5>PRACUJMY RAZEM<\/h5>\n                \n                                    <h2>Bezpo\u015bredni kontakt<\/h2>\n                            <\/div>\n        <\/div>\n\n        <div class=\"cp-row cp-row--box\">\n                            <div class=\"cp-contact-direct__items\">\n                                            <div class=\"cp-contact-direct__item cp-contact-direct__item--0\">\n                                                            <p><a href=\"mailto:contact@elementrica.com\">contact@elementrica.com<\/a><\/p>\n<p>T <a class=\"generate_lead\" href=\"tel:+48124004777\">+48 12 400 4777<\/a><br \/>\nM <a class=\"generate_lead\" href=\"tel:+48790402277\">+48 790 402 277<\/a><br \/>\nM <a class=\"generate_lead\" href=\"tel:+48733005393\">+48 733 005 393<\/a><br \/>\nM <a class=\"generate_lead\" href=\"tel:+48733003467\">+48 733 003 467<\/a><\/p>\n                                                    <\/div>\n                                            <div class=\"cp-contact-direct__item cp-contact-direct__item--1\">\n                                                            <p><strong>Krak\u00f3w, Polska<br \/>\n<\/strong>Elementrica sp. z o.o.<br \/>\nul. Podole 60<br \/>\n30-394 Krak\u00f3w<br \/>\nNIP: 6762627485  <\/p>\n                                                    <\/div>\n                                            <div class=\"cp-contact-direct__item cp-contact-direct__item--2\">\n                                                            <p><strong>Oslo, Norwegia<br \/>\n<\/strong>Elementrica<br \/>\nHaakon Tveters vei 82<br \/>\n0686 Oslo<br \/>\nVAT-ID: PL6762627485<\/p>\n                                                    <\/div>\n                                            <div class=\"cp-contact-direct__item cp-contact-direct__item--3\">\n                                                            <p><strong>Zacznijmy od bezp\u0142atnej konsultacji<br \/>\n<\/strong>Om\u00f3w swoje potrzeby z jednym z naszych ekspert\u00f3w i zr\u00f3b pierwszy krok.<\/p>\n<p><strong><a href=\"https:\/\/elementrica.com\/pl\/kontakt\/\">Zaplanuj bezp\u0142atn\u0105 konsultacj\u0119<\/a><\/strong><\/p>\n                                                    <\/div>\n                                    <\/div>\n                    <\/div>\n    <\/div>\n<\/section>\n\n\n\n\n\n","protected":false},"excerpt":{"rendered":"","protected":false},"author":3,"featured_media":0,"parent":0,"menu_order":0,"comment_status":"closed","ping_status":"closed","template":"","meta":{"_acf_changed":false,"footnotes":""},"class_list":["post-5635","page","type-page","status-publish","hentry"],"acf":[],"yoast_head":"<!-- This site is optimized with the Yoast SEO Premium plugin v27.1 (Yoast SEO v27.3) - https:\/\/yoast.com\/product\/yoast-seo-premium-wordpress\/ -->\n<title>Us\u0142ugi - Elementrica<\/title>\n<meta name=\"description\" content=\"Oferujemy testy penetracyjne, symulacje atak\u00f3w i audyty bezpiecze\u0144stwa. Sprawd\u017a, jak mo\u017cemy pom\u00f3c chroni\u0107 Twoj\u0105 firm\u0119 przed cyberzagro\u017ceniami.\" \/>\n<meta name=\"robots\" content=\"index, follow, max-snippet:-1, max-image-preview:large, max-video-preview:-1\" \/>\n<link rel=\"canonical\" href=\"https:\/\/elementrica.com\/pl\/uslugi\/\" \/>\n<meta property=\"og:locale\" content=\"pl_PL\" \/>\n<meta property=\"og:type\" content=\"article\" \/>\n<meta property=\"og:title\" content=\"Us\u0142ugi\" \/>\n<meta property=\"og:description\" content=\"Oferujemy testy penetracyjne, symulacje atak\u00f3w i audyty bezpiecze\u0144stwa. Sprawd\u017a, jak mo\u017cemy pom\u00f3c chroni\u0107 Twoj\u0105 firm\u0119 przed cyberzagro\u017ceniami.\" \/>\n<meta property=\"og:url\" content=\"https:\/\/elementrica.com\/pl\/uslugi\/\" \/>\n<meta property=\"og:site_name\" content=\"Elementrica\" \/>\n<meta property=\"article:modified_time\" content=\"2025-05-03T11:50:49+00:00\" \/>\n<meta name=\"twitter:card\" content=\"summary_large_image\" \/>\n<script type=\"application\/ld+json\" class=\"yoast-schema-graph\">{\"@context\":\"https:\\\/\\\/schema.org\",\"@graph\":[{\"@type\":\"WebPage\",\"@id\":\"https:\\\/\\\/elementrica.com\\\/pl\\\/uslugi\\\/\",\"url\":\"https:\\\/\\\/elementrica.com\\\/pl\\\/uslugi\\\/\",\"name\":\"Us\u0142ugi - Elementrica\",\"isPartOf\":{\"@id\":\"https:\\\/\\\/mta-sts.elementrica.com\\\/pl\\\/#website\"},\"datePublished\":\"2024-09-04T16:35:11+00:00\",\"dateModified\":\"2025-05-03T11:50:49+00:00\",\"description\":\"Oferujemy testy penetracyjne, symulacje atak\u00f3w i audyty bezpiecze\u0144stwa. Sprawd\u017a, jak mo\u017cemy pom\u00f3c chroni\u0107 Twoj\u0105 firm\u0119 przed cyberzagro\u017ceniami.\",\"breadcrumb\":{\"@id\":\"https:\\\/\\\/elementrica.com\\\/pl\\\/uslugi\\\/#breadcrumb\"},\"inLanguage\":\"pl-PL\",\"potentialAction\":[{\"@type\":\"ReadAction\",\"target\":[\"https:\\\/\\\/elementrica.com\\\/pl\\\/uslugi\\\/\"]}]},{\"@type\":\"BreadcrumbList\",\"@id\":\"https:\\\/\\\/elementrica.com\\\/pl\\\/uslugi\\\/#breadcrumb\",\"itemListElement\":[{\"@type\":\"ListItem\",\"position\":1,\"name\":\"Home\",\"item\":\"https:\\\/\\\/elementrica.com\\\/pl\\\/\"},{\"@type\":\"ListItem\",\"position\":2,\"name\":\"Us\u0142ugi\"}]},{\"@type\":\"WebSite\",\"@id\":\"https:\\\/\\\/mta-sts.elementrica.com\\\/pl\\\/#website\",\"url\":\"https:\\\/\\\/mta-sts.elementrica.com\\\/pl\\\/\",\"name\":\"Elementrica\",\"description\":\"\",\"publisher\":{\"@id\":\"https:\\\/\\\/mta-sts.elementrica.com\\\/pl\\\/#organization\"},\"potentialAction\":[{\"@type\":\"SearchAction\",\"target\":{\"@type\":\"EntryPoint\",\"urlTemplate\":\"https:\\\/\\\/mta-sts.elementrica.com\\\/pl\\\/?s={search_term_string}\"},\"query-input\":{\"@type\":\"PropertyValueSpecification\",\"valueRequired\":true,\"valueName\":\"search_term_string\"}}],\"inLanguage\":\"pl-PL\"},{\"@type\":\"Organization\",\"@id\":\"https:\\\/\\\/mta-sts.elementrica.com\\\/pl\\\/#organization\",\"name\":\"Elementrica\",\"url\":\"https:\\\/\\\/mta-sts.elementrica.com\\\/pl\\\/\",\"logo\":{\"@type\":\"ImageObject\",\"inLanguage\":\"pl-PL\",\"@id\":\"https:\\\/\\\/mta-sts.elementrica.com\\\/pl\\\/#\\\/schema\\\/logo\\\/image\\\/\",\"url\":\"\",\"contentUrl\":\"\",\"caption\":\"Elementrica\"},\"image\":{\"@id\":\"https:\\\/\\\/mta-sts.elementrica.com\\\/pl\\\/#\\\/schema\\\/logo\\\/image\\\/\"}}]}<\/script>\n<!-- \/ Yoast SEO Premium plugin. -->","yoast_head_json":{"title":"Us\u0142ugi - Elementrica","description":"Oferujemy testy penetracyjne, symulacje atak\u00f3w i audyty bezpiecze\u0144stwa. Sprawd\u017a, jak mo\u017cemy pom\u00f3c chroni\u0107 Twoj\u0105 firm\u0119 przed cyberzagro\u017ceniami.","robots":{"index":"index","follow":"follow","max-snippet":"max-snippet:-1","max-image-preview":"max-image-preview:large","max-video-preview":"max-video-preview:-1"},"canonical":"https:\/\/elementrica.com\/pl\/uslugi\/","og_locale":"pl_PL","og_type":"article","og_title":"Us\u0142ugi","og_description":"Oferujemy testy penetracyjne, symulacje atak\u00f3w i audyty bezpiecze\u0144stwa. Sprawd\u017a, jak mo\u017cemy pom\u00f3c chroni\u0107 Twoj\u0105 firm\u0119 przed cyberzagro\u017ceniami.","og_url":"https:\/\/elementrica.com\/pl\/uslugi\/","og_site_name":"Elementrica","article_modified_time":"2025-05-03T11:50:49+00:00","twitter_card":"summary_large_image","schema":{"@context":"https:\/\/schema.org","@graph":[{"@type":"WebPage","@id":"https:\/\/elementrica.com\/pl\/uslugi\/","url":"https:\/\/elementrica.com\/pl\/uslugi\/","name":"Us\u0142ugi - Elementrica","isPartOf":{"@id":"https:\/\/mta-sts.elementrica.com\/pl\/#website"},"datePublished":"2024-09-04T16:35:11+00:00","dateModified":"2025-05-03T11:50:49+00:00","description":"Oferujemy testy penetracyjne, symulacje atak\u00f3w i audyty bezpiecze\u0144stwa. Sprawd\u017a, jak mo\u017cemy pom\u00f3c chroni\u0107 Twoj\u0105 firm\u0119 przed cyberzagro\u017ceniami.","breadcrumb":{"@id":"https:\/\/elementrica.com\/pl\/uslugi\/#breadcrumb"},"inLanguage":"pl-PL","potentialAction":[{"@type":"ReadAction","target":["https:\/\/elementrica.com\/pl\/uslugi\/"]}]},{"@type":"BreadcrumbList","@id":"https:\/\/elementrica.com\/pl\/uslugi\/#breadcrumb","itemListElement":[{"@type":"ListItem","position":1,"name":"Home","item":"https:\/\/elementrica.com\/pl\/"},{"@type":"ListItem","position":2,"name":"Us\u0142ugi"}]},{"@type":"WebSite","@id":"https:\/\/mta-sts.elementrica.com\/pl\/#website","url":"https:\/\/mta-sts.elementrica.com\/pl\/","name":"Elementrica","description":"","publisher":{"@id":"https:\/\/mta-sts.elementrica.com\/pl\/#organization"},"potentialAction":[{"@type":"SearchAction","target":{"@type":"EntryPoint","urlTemplate":"https:\/\/mta-sts.elementrica.com\/pl\/?s={search_term_string}"},"query-input":{"@type":"PropertyValueSpecification","valueRequired":true,"valueName":"search_term_string"}}],"inLanguage":"pl-PL"},{"@type":"Organization","@id":"https:\/\/mta-sts.elementrica.com\/pl\/#organization","name":"Elementrica","url":"https:\/\/mta-sts.elementrica.com\/pl\/","logo":{"@type":"ImageObject","inLanguage":"pl-PL","@id":"https:\/\/mta-sts.elementrica.com\/pl\/#\/schema\/logo\/image\/","url":"","contentUrl":"","caption":"Elementrica"},"image":{"@id":"https:\/\/mta-sts.elementrica.com\/pl\/#\/schema\/logo\/image\/"}}]}},"_links":{"self":[{"href":"https:\/\/elementrica.com\/pl\/wp-json\/wp\/v2\/pages\/5635","targetHints":{"allow":["GET"]}}],"collection":[{"href":"https:\/\/elementrica.com\/pl\/wp-json\/wp\/v2\/pages"}],"about":[{"href":"https:\/\/elementrica.com\/pl\/wp-json\/wp\/v2\/types\/page"}],"author":[{"embeddable":true,"href":"https:\/\/elementrica.com\/pl\/wp-json\/wp\/v2\/users\/3"}],"replies":[{"embeddable":true,"href":"https:\/\/elementrica.com\/pl\/wp-json\/wp\/v2\/comments?post=5635"}],"version-history":[{"count":7,"href":"https:\/\/elementrica.com\/pl\/wp-json\/wp\/v2\/pages\/5635\/revisions"}],"predecessor-version":[{"id":6936,"href":"https:\/\/elementrica.com\/pl\/wp-json\/wp\/v2\/pages\/5635\/revisions\/6936"}],"wp:attachment":[{"href":"https:\/\/elementrica.com\/pl\/wp-json\/wp\/v2\/media?parent=5635"}],"curies":[{"name":"wp","href":"https:\/\/api.w.org\/{rel}","templated":true}]}}