{"id":5641,"date":"2024-09-04T18:38:37","date_gmt":"2024-09-04T16:38:37","guid":{"rendered":"https:\/\/elementrica.com\/e-zero\/"},"modified":"2025-05-03T13:48:33","modified_gmt":"2025-05-03T11:48:33","slug":"e-zero","status":"publish","type":"page","link":"https:\/\/elementrica.com\/pl\/e-zero\/","title":{"rendered":"E-Zero"},"content":{"rendered":"\n<p class=\"has-medium-font-size\">W Elementrica wiemy, \u017ce skuteczne testy penetracyjne i audyty bezpiecze\u0144stwa wymagaj\u0105 nie tylko wiedzy, ale tak\u017ce doskona\u0142ej wsp\u00f3\u0142pracy i komunikacji mi\u0119dzy naszym zespo\u0142em a Twoj\u0105 organizacj\u0105. Dlatego stworzyli\u015bmy E-Zero, innowacyjn\u0105 platform\u0119, kt\u00f3ra rewolucjonizuje spos\u00f3b, w jaki przeprowadzamy projekty zwi\u0105zane z cyberbezpiecze\u0144stwem. <\/p>\n\n\n<section class=\"cp-block cp-boxes\">\n    <div class=\"cp-container\">\n        <div class=\"cp-row\">\n            <div class=\"cp-row__col\">\n                                    <h5><\/h5>\n                \n                                    <h2>Dlaczego E-Zero?<\/h2>\n                            <\/div>\n        <\/div>\n        <div class=\"cp-boxes__slider\">\n            <div class=\"cp-row\">\n                <div class=\"cp-row__col\">\n                                            <div class=\"cp-boxes__items cp-boxes__items--in-row-4\">\n                                                            <div class=\"cp-boxes__item\">\n                                                                            <span class=\"cp-label\">01<\/span>\n                                    \n                                                                            <h3>Oszcz\u0119dno\u015b\u0107 czasu nawet do 40%<\/h3>\n                                    \n                                                                            <div>\n                                            <p>Dzi\u0119ki automatyzacji proces\u00f3w i usprawnieniu komunikacji, E-Zero skraca czas testowania i raportowania o nawet 40%. Oznacza to szybsze wykrywanie podatno\u015bci oraz efektywniejsze wdra\u017canie dzia\u0142a\u0144 naprawczych. <\/p>\n                                        <\/div>\n                                                                    <\/div>\n                                                            <div class=\"cp-boxes__item\">\n                                                                            <span class=\"cp-label\">02<\/span>\n                                    \n                                                                            <h3>Interaktywne raporty<\/h3>\n                                    \n                                                                            <div>\n                                            <p>Po\u017cegnaj si\u0119 z tradycyjnymi, statycznymi raportami. E-Zero oferuje interaktywne, \u0142atwe w obs\u0142udze raporty, kt\u00f3re pe\u0142ni\u0105 funkcj\u0119 praktycznych list zada\u0144. Mo\u017cesz priorytetyzowa\u0107 podatno\u015bci, \u015bledzi\u0107 post\u0119py w usuwaniu luk oraz \u0142atwo komunikowa\u0107 si\u0119 z naszym zespo\u0142em.  <\/p>\n                                        <\/div>\n                                                                    <\/div>\n                                                            <div class=\"cp-boxes__item\">\n                                                                            <span class=\"cp-label\">03<\/span>\n                                    \n                                                                            <h3>Bezpo\u015brednia komunikacja<\/h3>\n                                    \n                                                                            <div>\n                                            <p>Nasza platforma umo\u017cliwia bezpo\u015bredni\u0105 komunikacj\u0119 z naszymi ekspertami w czasie rzeczywistym. Zadawaj pytania, wyja\u015bnienia i otrzymuj natychmiastowe odpowiedzi, co zwi\u0119ksza przejrzysto\u015b\u0107 i efektywno\u015b\u0107 wsp\u00f3\u0142pracy. <\/p>\n                                        <\/div>\n                                                                    <\/div>\n                                                            <div class=\"cp-boxes__item\">\n                                                                            <span class=\"cp-label\">04<\/span>\n                                    \n                                                                            <h3>Bezpiecze\u0144stwo danych<\/h3>\n                                    \n                                                                            <div>\n                                            <p>E-Zero zosta\u0142o zaprojektowane z my\u015bl\u0105 o najwy\u017cszych standardach bezpiecze\u0144stwa. Wszystkie dane s\u0105 szyfrowane i przechowywane w spos\u00f3b zapewniaj\u0105cy ca\u0142kowit\u0105 poufno\u015b\u0107 oraz integralno\u015b\u0107 informacji. <\/p>\n                                        <\/div>\n                                                                    <\/div>\n                                                    <\/div>\n                                    <\/div>\n            <\/div>\n        <\/div>\n\n    <\/div>\n<\/section>\n\n\n\n\n\n\n\n<section class=\"cp-block cp-boxes\">\n    <div class=\"cp-container\">\n        <div class=\"cp-row\">\n            <div class=\"cp-row__col\">\n                                    <h5><\/h5>\n                \n                                    <h2>Kluczowe cechy E-Zero<\/h2>\n                            <\/div>\n        <\/div>\n        <div class=\"cp-boxes__slider\">\n            <div class=\"cp-row\">\n                <div class=\"cp-row__col\">\n                                            <div class=\"cp-boxes__items cp-boxes__items--in-row-2\">\n                                                            <div class=\"cp-boxes__item\">\n                                                                            <span class=\"cp-label\">01<\/span>\n                                    \n                                                                            <h3>Panel monitorowania<\/h3>\n                                    \n                                                                            <div>\n                                            <p>Uzyskaj pe\u0142ny widok swoich post\u0119p\u00f3w dzi\u0119ki intuicyjnemu panelowi. Monitoruj status test\u00f3w, przegl\u0105daj wykryte podatno\u015bci i \u015bled\u017a dzia\u0142ania naprawcze w jednym miejscu. <\/p>\n                                        <\/div>\n                                                                    <\/div>\n                                                            <div class=\"cp-boxes__item\">\n                                                                            <span class=\"cp-label\">02<\/span>\n                                    \n                                                                            <h3>Generuj raporty wed\u0142ug swoich potrzeb<\/h3>\n                                    \n                                                                            <div>\n                                            <p>Tw\u00f3rz niestandardowe raporty w dowolnym momencie, dostosowuj\u0105c je do potrzeb r\u00f3\u017cnych interesariuszy w Twojej organizacji.<\/p>\n                                        <\/div>\n                                                                    <\/div>\n                                                    <\/div>\n                                    <\/div>\n            <\/div>\n        <\/div>\n\n    <\/div>\n<\/section>\n\n\n\n\n\n\n\n<section class=\"cp-block cp-boxes\">\n    <div class=\"cp-container\">\n        <div class=\"cp-row\">\n            <div class=\"cp-row__col\">\n                                    <h5><\/h5>\n                \n                                    <h2>Jak dzia\u0142a E-Zero?<\/h2>\n                            <\/div>\n        <\/div>\n        <div class=\"cp-boxes__slider\">\n            <div class=\"cp-row\">\n                <div class=\"cp-row__col\">\n                                            <div class=\"cp-boxes__items cp-boxes__items--in-row-4\">\n                                                            <div class=\"cp-boxes__item\">\n                                                                            <span class=\"cp-label\">01<\/span>\n                                    \n                                                                            <h3>Rozpocz\u0119cie projektu<\/h3>\n                                    \n                                                                            <div>\n                                            <p>Po nawi\u0105zaniu wsp\u00f3\u0142pracy zyskujesz dost\u0119p do platformy E-Zero, na kt\u00f3rej mo\u017cesz ustawi\u0107 preferencje, uprawnienia i zdefiniowa\u0107 kluczowe kontakty.<\/p>\n                                        <\/div>\n                                                                    <\/div>\n                                                            <div class=\"cp-boxes__item\">\n                                                                            <span class=\"cp-label\">02<\/span>\n                                    \n                                                                            <h3>Realizacja test\u00f3w<\/h3>\n                                    \n                                                                            <div>\n                                            <p>Nasi eksperci przeprowadzaj\u0105 <a href=\"https:\/\/elementrica.com\/pl\/uslugi\/testy-penetracyjne\/\">testy penetracyjne<\/a> lub audyty bezpiecze\u0144stwa, a wyniki s\u0105 aktualizowane w E-Zero w czasie rzeczywistym.<\/p>\n                                        <\/div>\n                                                                    <\/div>\n                                                            <div class=\"cp-boxes__item\">\n                                                                            <span class=\"cp-label\">03<\/span>\n                                    \n                                                                            <h3>Analiza i raportowanie<\/h3>\n                                    \n                                                                            <div>\n                                            <p>Wykryte podatno\u015bci s\u0105 prezentowane w jasny i interaktywny spos\u00f3b. Mo\u017cesz filtrowa\u0107 wyniki, przegl\u0105da\u0107 szczeg\u00f3\u0142y i ustala\u0107 priorytety dzia\u0142a\u0144. <\/p>\n                                        <\/div>\n                                                                    <\/div>\n                                                            <div class=\"cp-boxes__item\">\n                                                                            <span class=\"cp-label\">04<\/span>\n                                    \n                                                                            <h3>Wsp\u00f3\u0142praca i dzia\u0142ania naprawcze<\/h3>\n                                    \n                                                                            <div>\n                                            <p>Platforma u\u0142atwia komunikacj\u0119 mi\u0119dzy Twoim zespo\u0142em a naszymi specjalistami. Przydzielaj zadania, \u015bled\u017a post\u0119py i otrzymuj wsparcie w procesie naprawy. <\/p>\n                                        <\/div>\n                                                                    <\/div>\n                                                    <\/div>\n                                    <\/div>\n            <\/div>\n        <\/div>\n\n    <\/div>\n<\/section>\n\n\n\n\n\n\n\n<section class=\"cp-block cp-boxes\">\n    <div class=\"cp-container\">\n        <div class=\"cp-row\">\n            <div class=\"cp-row__col\">\n                                    <h5><\/h5>\n                \n                                    <h2>Korzy\u015bci z E-Zero dla Twojej organizacji<\/h2>\n                            <\/div>\n        <\/div>\n        <div class=\"cp-boxes__slider\">\n            <div class=\"cp-row\">\n                <div class=\"cp-row__col\">\n                                            <div class=\"cp-boxes__items cp-boxes__items--in-row-4\">\n                                                            <div class=\"cp-boxes__item\">\n                                                                            <span class=\"cp-label\">01<\/span>\n                                    \n                                                                            <h3>Efektywno\u015b\u0107<\/h3>\n                                    \n                                                                            <div>\n                                            <p>Zautomatyzowane procesy i centralizacja informacji pozwalaj\u0105 na szybsze i bardziej efektywne zarz\u0105dzanie bezpiecze\u0144stwem.<\/p>\n                                        <\/div>\n                                                                    <\/div>\n                                                            <div class=\"cp-boxes__item\">\n                                                                            <span class=\"cp-label\">02<\/span>\n                                    \n                                                                            <h3>Transparentno\u015b\u0107<\/h3>\n                                    \n                                                                            <div>\n                                            <p>Pe\u0142na przejrzysto\u015b\u0107 post\u0119p\u00f3w i wynik\u00f3w test\u00f3w zwi\u0119ksza zaufanie oraz u\u0142atwia podejmowanie decyzji opartych na wiarygodnych danych.<\/p>\n                                        <\/div>\n                                                                    <\/div>\n                                                            <div class=\"cp-boxes__item\">\n                                                                            <span class=\"cp-label\">03<\/span>\n                                    \n                                                                            <h3>Wsp\u00f3\u0142praca<\/h3>\n                                    \n                                                                            <div>\n                                            <p>U\u0142atwiona komunikacja mi\u0119dzy zespo\u0142ami technicznymi a osobami decyzyjnymi wspiera efektywne wdra\u017canie dzia\u0142a\u0144 naprawczych.<\/p>\n                                        <\/div>\n                                                                    <\/div>\n                                                            <div class=\"cp-boxes__item\">\n                                                                            <span class=\"cp-label\">04<\/span>\n                                    \n                                                                            <h3>Skalowalno\u015b\u0107<\/h3>\n                                    \n                                                                            <div>\n                                            <p>E-Zero jest elastyczne i mo\u017ce by\u0107 dostosowane do potrzeb organizacji o r\u00f3\u017cnych rozmiarach i z\u0142o\u017cono\u015bci infrastruktury.<\/p>\n                                        <\/div>\n                                                                    <\/div>\n                                                    <\/div>\n                                    <\/div>\n            <\/div>\n        <\/div>\n\n    <\/div>\n<\/section>\n\n\n\n\n\n\n\n<section class=\"cp-block cp-quote\">\n    <div class=\"cp-container\">\n        <div class=\"cp-row cp-row--no-gap-h\">\n            <div class=\"cp-row__col cp-row__col--auto cp-row__col--v-center\">\n                                    <div class=\"cp-quote__image\" style=\"background-image: url(https:\/\/elementrica.com\/wp-content\/uploads\/2024\/09\/Quote2.png)\"><\/div>\n                            <\/div>\n            <div class=\"cp-row__col cp-row__col--auto\">\n                                    <div class=\"cp-quote__text\">\n                        <h2>Stale rozwijamy E-Zero o nowe funkcje i ulepszenia, aby sprosta\u0107 szybko zmieniaj\u0105cym si\u0119 wyzwaniom w zakresie cyberbezpiecze\u0144stwa<\/h2>\n                    <\/div>\n                            <\/div>\n        <\/div>\n    <\/div>\n<\/section>\n\n\n\n\n\n\n\n\n<section class=\"cp-block cp-text-image\">\n    <div class=\"cp-container\">\n        <div class=\"cp-row\">\n            <div class=\"cp-row__col\">\n                                    <h5>E-Zero<\/h5>\n                \n                                    <h2>Testy penetracyjne na nowo zdefiniowane<\/h2>\n                \n                                    <div class=\"cp-text-image__text\">\n                        <p>Nasza innowacyjna platforma rewolucjonizuje wsp\u00f3\u0142prac\u0119 mi\u0119dzy naszym zespo\u0142em a klientami na ka\u017cdym etapie test\u00f3w penetracyjnych i audyt\u00f3w. <strong>E-Zero pozwala zaoszcz\u0119dzi\u0107 do 40% czasu<\/strong> zwykle po\u015bwi\u0119canego na testowanie i raportowanie. Klienci uzyskuj\u0105 dost\u0119p do interaktywnych raport\u00f3w, kt\u00f3re dzia\u0142aj\u0105 jak listy kontrolne, skutecznie ustalaj\u0105c priorytety dzia\u0142a\u0144 naprawczych i przyspieszaj\u0105c popraw\u0119 bezpiecze\u0144stwa. <\/p>\n                    <\/div>\n                \n                                    <a href=\"mailto:contact@elementrica.com\" target=\"\" class=\"cp-button generate_lead\">Discover E-Zero<\/a>\n                            <\/div>\n            <div class=\"cp-row__col cp-row__col--v-center col-image\">\n                                    <div class=\"cp-text-image__image\" style=\"background-image: url(https:\/\/elementrica.com\/wp-content\/uploads\/2024\/10\/chrisg5616_Two_people_in_black_hoodies_working_on_computers_at__ea2248cc-a73e-4d95-ade1-59d7f86e7ce8-800x600.webp)\"><\/div>\n                            <\/div>\n        <\/div>\n    <\/div>\n<\/section>\n\n\n\n\n\n","protected":false},"excerpt":{"rendered":"<p>W Elementrica wiemy, \u017ce skuteczne testy penetracyjne i audyty bezpiecze\u0144stwa wymagaj\u0105 nie tylko wiedzy, ale tak\u017ce doskona\u0142ej wsp\u00f3\u0142pracy i komunikacji mi\u0119dzy naszym zespo\u0142em a Twoj\u0105 organizacj\u0105. Dlatego stworzyli\u015bmy E-Zero, innowacyjn\u0105 platform\u0119, kt\u00f3ra rewolucjonizuje spos\u00f3b, w jaki przeprowadzamy projekty zwi\u0105zane z cyberbezpiecze\u0144stwem.<\/p>\n","protected":false},"author":3,"featured_media":0,"parent":0,"menu_order":0,"comment_status":"closed","ping_status":"closed","template":"","meta":{"_acf_changed":false,"footnotes":""},"class_list":["post-5641","page","type-page","status-publish","hentry"],"acf":[],"yoast_head":"<!-- This site is optimized with the Yoast SEO Premium plugin v27.1 (Yoast SEO v27.3) - https:\/\/yoast.com\/product\/yoast-seo-premium-wordpress\/ -->\n<title>E-Zero - Elementrica<\/title>\n<meta name=\"description\" content=\"E-Zero to nasz SaaS do test\u00f3w penetracyjnych. Automatyzuje zadania, skraca czas reakcji, dostarcza raporty gotowe dla zespo\u0142\u00f3w bezpiecze\u0144stwa.\" \/>\n<meta name=\"robots\" content=\"index, follow, max-snippet:-1, max-image-preview:large, max-video-preview:-1\" \/>\n<link rel=\"canonical\" href=\"https:\/\/elementrica.com\/pl\/e-zero\/\" \/>\n<meta property=\"og:locale\" content=\"pl_PL\" \/>\n<meta property=\"og:type\" content=\"article\" \/>\n<meta property=\"og:title\" content=\"E-Zero\" \/>\n<meta property=\"og:description\" content=\"E-Zero to nasz SaaS do test\u00f3w penetracyjnych. Automatyzuje zadania, skraca czas reakcji, dostarcza raporty gotowe dla zespo\u0142\u00f3w bezpiecze\u0144stwa.\" \/>\n<meta property=\"og:url\" content=\"https:\/\/elementrica.com\/pl\/e-zero\/\" \/>\n<meta property=\"og:site_name\" content=\"Elementrica\" \/>\n<meta property=\"article:modified_time\" content=\"2025-05-03T11:48:33+00:00\" \/>\n<meta name=\"twitter:card\" content=\"summary_large_image\" \/>\n<meta name=\"twitter:label1\" content=\"Szacowany czas czytania\" \/>\n\t<meta name=\"twitter:data1\" content=\"1 minuta\" \/>\n<script type=\"application\/ld+json\" class=\"yoast-schema-graph\">{\"@context\":\"https:\\\/\\\/schema.org\",\"@graph\":[{\"@type\":\"WebPage\",\"@id\":\"https:\\\/\\\/elementrica.com\\\/pl\\\/e-zero\\\/\",\"url\":\"https:\\\/\\\/elementrica.com\\\/pl\\\/e-zero\\\/\",\"name\":\"E-Zero - Elementrica\",\"isPartOf\":{\"@id\":\"https:\\\/\\\/mta-sts.elementrica.com\\\/pl\\\/#website\"},\"datePublished\":\"2024-09-04T16:38:37+00:00\",\"dateModified\":\"2025-05-03T11:48:33+00:00\",\"description\":\"E-Zero to nasz SaaS do test\u00f3w penetracyjnych. Automatyzuje zadania, skraca czas reakcji, dostarcza raporty gotowe dla zespo\u0142\u00f3w bezpiecze\u0144stwa.\",\"breadcrumb\":{\"@id\":\"https:\\\/\\\/elementrica.com\\\/pl\\\/e-zero\\\/#breadcrumb\"},\"inLanguage\":\"pl-PL\",\"potentialAction\":[{\"@type\":\"ReadAction\",\"target\":[\"https:\\\/\\\/elementrica.com\\\/pl\\\/e-zero\\\/\"]}]},{\"@type\":\"BreadcrumbList\",\"@id\":\"https:\\\/\\\/elementrica.com\\\/pl\\\/e-zero\\\/#breadcrumb\",\"itemListElement\":[{\"@type\":\"ListItem\",\"position\":1,\"name\":\"Home\",\"item\":\"https:\\\/\\\/elementrica.com\\\/pl\\\/\"},{\"@type\":\"ListItem\",\"position\":2,\"name\":\"E-Zero\"}]},{\"@type\":\"WebSite\",\"@id\":\"https:\\\/\\\/mta-sts.elementrica.com\\\/pl\\\/#website\",\"url\":\"https:\\\/\\\/mta-sts.elementrica.com\\\/pl\\\/\",\"name\":\"Elementrica\",\"description\":\"\",\"publisher\":{\"@id\":\"https:\\\/\\\/mta-sts.elementrica.com\\\/pl\\\/#organization\"},\"potentialAction\":[{\"@type\":\"SearchAction\",\"target\":{\"@type\":\"EntryPoint\",\"urlTemplate\":\"https:\\\/\\\/mta-sts.elementrica.com\\\/pl\\\/?s={search_term_string}\"},\"query-input\":{\"@type\":\"PropertyValueSpecification\",\"valueRequired\":true,\"valueName\":\"search_term_string\"}}],\"inLanguage\":\"pl-PL\"},{\"@type\":\"Organization\",\"@id\":\"https:\\\/\\\/mta-sts.elementrica.com\\\/pl\\\/#organization\",\"name\":\"Elementrica\",\"url\":\"https:\\\/\\\/mta-sts.elementrica.com\\\/pl\\\/\",\"logo\":{\"@type\":\"ImageObject\",\"inLanguage\":\"pl-PL\",\"@id\":\"https:\\\/\\\/mta-sts.elementrica.com\\\/pl\\\/#\\\/schema\\\/logo\\\/image\\\/\",\"url\":\"\",\"contentUrl\":\"\",\"caption\":\"Elementrica\"},\"image\":{\"@id\":\"https:\\\/\\\/mta-sts.elementrica.com\\\/pl\\\/#\\\/schema\\\/logo\\\/image\\\/\"}}]}<\/script>\n<!-- \/ Yoast SEO Premium plugin. -->","yoast_head_json":{"title":"E-Zero - Elementrica","description":"E-Zero to nasz SaaS do test\u00f3w penetracyjnych. Automatyzuje zadania, skraca czas reakcji, dostarcza raporty gotowe dla zespo\u0142\u00f3w bezpiecze\u0144stwa.","robots":{"index":"index","follow":"follow","max-snippet":"max-snippet:-1","max-image-preview":"max-image-preview:large","max-video-preview":"max-video-preview:-1"},"canonical":"https:\/\/elementrica.com\/pl\/e-zero\/","og_locale":"pl_PL","og_type":"article","og_title":"E-Zero","og_description":"E-Zero to nasz SaaS do test\u00f3w penetracyjnych. Automatyzuje zadania, skraca czas reakcji, dostarcza raporty gotowe dla zespo\u0142\u00f3w bezpiecze\u0144stwa.","og_url":"https:\/\/elementrica.com\/pl\/e-zero\/","og_site_name":"Elementrica","article_modified_time":"2025-05-03T11:48:33+00:00","twitter_card":"summary_large_image","twitter_misc":{"Szacowany czas czytania":"1 minuta"},"schema":{"@context":"https:\/\/schema.org","@graph":[{"@type":"WebPage","@id":"https:\/\/elementrica.com\/pl\/e-zero\/","url":"https:\/\/elementrica.com\/pl\/e-zero\/","name":"E-Zero - Elementrica","isPartOf":{"@id":"https:\/\/mta-sts.elementrica.com\/pl\/#website"},"datePublished":"2024-09-04T16:38:37+00:00","dateModified":"2025-05-03T11:48:33+00:00","description":"E-Zero to nasz SaaS do test\u00f3w penetracyjnych. Automatyzuje zadania, skraca czas reakcji, dostarcza raporty gotowe dla zespo\u0142\u00f3w bezpiecze\u0144stwa.","breadcrumb":{"@id":"https:\/\/elementrica.com\/pl\/e-zero\/#breadcrumb"},"inLanguage":"pl-PL","potentialAction":[{"@type":"ReadAction","target":["https:\/\/elementrica.com\/pl\/e-zero\/"]}]},{"@type":"BreadcrumbList","@id":"https:\/\/elementrica.com\/pl\/e-zero\/#breadcrumb","itemListElement":[{"@type":"ListItem","position":1,"name":"Home","item":"https:\/\/elementrica.com\/pl\/"},{"@type":"ListItem","position":2,"name":"E-Zero"}]},{"@type":"WebSite","@id":"https:\/\/mta-sts.elementrica.com\/pl\/#website","url":"https:\/\/mta-sts.elementrica.com\/pl\/","name":"Elementrica","description":"","publisher":{"@id":"https:\/\/mta-sts.elementrica.com\/pl\/#organization"},"potentialAction":[{"@type":"SearchAction","target":{"@type":"EntryPoint","urlTemplate":"https:\/\/mta-sts.elementrica.com\/pl\/?s={search_term_string}"},"query-input":{"@type":"PropertyValueSpecification","valueRequired":true,"valueName":"search_term_string"}}],"inLanguage":"pl-PL"},{"@type":"Organization","@id":"https:\/\/mta-sts.elementrica.com\/pl\/#organization","name":"Elementrica","url":"https:\/\/mta-sts.elementrica.com\/pl\/","logo":{"@type":"ImageObject","inLanguage":"pl-PL","@id":"https:\/\/mta-sts.elementrica.com\/pl\/#\/schema\/logo\/image\/","url":"","contentUrl":"","caption":"Elementrica"},"image":{"@id":"https:\/\/mta-sts.elementrica.com\/pl\/#\/schema\/logo\/image\/"}}]}},"_links":{"self":[{"href":"https:\/\/elementrica.com\/pl\/wp-json\/wp\/v2\/pages\/5641","targetHints":{"allow":["GET"]}}],"collection":[{"href":"https:\/\/elementrica.com\/pl\/wp-json\/wp\/v2\/pages"}],"about":[{"href":"https:\/\/elementrica.com\/pl\/wp-json\/wp\/v2\/types\/page"}],"author":[{"embeddable":true,"href":"https:\/\/elementrica.com\/pl\/wp-json\/wp\/v2\/users\/3"}],"replies":[{"embeddable":true,"href":"https:\/\/elementrica.com\/pl\/wp-json\/wp\/v2\/comments?post=5641"}],"version-history":[{"count":6,"href":"https:\/\/elementrica.com\/pl\/wp-json\/wp\/v2\/pages\/5641\/revisions"}],"predecessor-version":[{"id":7200,"href":"https:\/\/elementrica.com\/pl\/wp-json\/wp\/v2\/pages\/5641\/revisions\/7200"}],"wp:attachment":[{"href":"https:\/\/elementrica.com\/pl\/wp-json\/wp\/v2\/media?parent=5641"}],"curies":[{"name":"wp","href":"https:\/\/api.w.org\/{rel}","templated":true}]}}